{"id":134,"date":"2019-12-20T17:40:10","date_gmt":"2019-12-20T16:40:10","guid":{"rendered":"https:\/\/drevodokrbu.sk\/?page_id=134"},"modified":"2019-12-20T17:47:03","modified_gmt":"2019-12-20T16:47:03","slug":"kontakt-2","status":"publish","type":"page","link":"https:\/\/drevodokrbu.sk\/?page_id=134","title":{"rendered":"Kontakt"},"content":{"rendered":"[et_pb_section fb_built=&#8220;1&#8243; admin_label=&#8220;section&#8220; _builder_version=&#8220;3.22&#8243;][et_pb_row column_structure=&#8220;1_2,1_2&#8243; admin_label=&#8220;row&#8220; _builder_version=&#8220;3.25&#8243; background_size=&#8220;initial&#8220; background_position=&#8220;top_left&#8220; background_repeat=&#8220;repeat&#8220;][et_pb_column type=&#8220;1_2&#8243; _builder_version=&#8220;3.25&#8243; custom_padding=&#8220;|||&#8220; custom_padding__hover=&#8220;|||&#8220;][et_pb_text _builder_version=&#8220;4.0.7&#8243; hover_enabled=&#8220;0&#8243; text_text_color=&#8220;#000000&#8243; text_font_size=&#8220;19px&#8220; text_font=&#8220;Verdana||||||||&#8220;]<h2 style=\"text-align: center;\"><\/h2>\n<h2><\/h2>\n<h2><\/h2>\n<h2><\/h2>\n<h2><\/h2>\n<h2><\/h2>\n<h2><\/h2>\n<h2 style=\"text-align: center;\"><strong>drevodokrbu.sk<\/strong><\/h2>\n<p style=\"text-align: center;\"><!-- \/wp:heading --><\/p>\n<p style=\"text-align: center;\"><!-- wp:heading --><\/p>\n<h2 style=\"text-align: center;\"><strong>Tel.: 0915 445 364<\/strong><\/h2>\n<p style=\"text-align: center;\"><!-- \/wp:heading --><\/p>\n<p style=\"text-align: center;\"><!-- wp:heading --><\/p>\n<h2 style=\"text-align: center;\"><strong>E-mail: <a href=\"mailto:obchod@drevodokrbu.sk\">obchod@drevodokrbu.sk<\/a><\/strong><\/h2>\n<p style=\"text-align: center;\"><strong><\/strong><\/p>\n<p style=\"text-align: center;\"><strong><\/strong><\/p>\n<p style=\"text-align: center;\"><strong>are\u00e1l b\u00fdval\u00fdch kas\u00e1rn\u00ed pri V\u00e1hu<\/strong><\/p>\n<p style=\"text-align: center;\"><strong>Sere\u010f<\/strong><\/p>\n[\/et_pb_text][\/et_pb_column][et_pb_column type=&#8220;1_2&#8243; _builder_version=&#8220;3.25&#8243; custom_padding=&#8220;|||&#8220; custom_padding__hover=&#8220;|||&#8220;][et_pb_text admin_label=&#8220;Text&#8220; _builder_version=&#8220;4.0.7&#8243; background_size=&#8220;initial&#8220; background_position=&#8220;top_left&#8220; background_repeat=&#8220;repeat&#8220;]<p><!-- wp:heading --><\/p>\n<h2><\/h2>\n<p><!-- \/wp:heading --><\/p>\n<p><!-- wp:shortcode --><br \/> <iframe loading=\"lazy\" src=\"https:\/\/www.google.com\/maps\/embed?pb=!1m18!1m12!1m3!1d8129.082378974316!2d17.735329956211462!3d48.29079555329286!2m3!1f0!2f0!3f0!3m2!1i1024!2i768!4f13.1!3m3!1m2!1s0x0%3A0x13eee53efeb06359!2sONE%20TRADE!5e0!3m2!1ssk!2ssk!4v1576857953978!5m2!1ssk!2ssk\" width=\"600\" height=\"450\" frameborder=\"0\" style=\"border: 0;\" allowfullscreen=\"\"><\/iframe><br \/> <!-- \/wp:shortcode --><\/p>[\/et_pb_text][\/et_pb_column][\/et_pb_row][\/et_pb_section]","protected":false},"excerpt":{"rendered":"<p>drevodokrbu.sk Tel.: 0915 445 364 E-mail: obchod@drevodokrbu.sk are\u00e1l b\u00fdval\u00fdch kas\u00e1rn\u00ed pri V\u00e1hu Sere\u010f<\/p>\n","protected":false},"author":1,"featured_media":0,"parent":0,"menu_order":0,"comment_status":"closed","ping_status":"closed","template":"","meta":{"_et_pb_use_builder":"on","_et_pb_old_content":"<!-- wp:heading -->\n<h2>drevodokrbu.sk<\/h2>\n<!-- \/wp:heading -->\n\n<!-- wp:heading -->\n<h2>Tel.:       0915 445 364<\/h2>\n<!-- \/wp:heading -->\n\n<!-- wp:heading -->\n<h2>E-mail: obchod@drevodokrbu.sk<\/h2>\n<!-- \/wp:heading -->\n\n<!-- wp:shortcode -->\n<iframe src=\"https:\/\/www.google.com\/maps\/embed?pb=!1m18!1m12!1m3!1d8129.082378974316!2d17.735329956211462!3d48.29079555329286!2m3!1f0!2f0!3f0!3m2!1i1024!2i768!4f13.1!3m3!1m2!1s0x0%3A0x13eee53efeb06359!2sONE%20TRADE!5e0!3m2!1ssk!2ssk!4v1576857953978!5m2!1ssk!2ssk\" width=\"600\" height=\"450\" frameborder=\"0\" style=\"border:0;\" allowfullscreen=\"\"><\/iframe>\n<!-- \/wp:shortcode -->","_et_gb_content_width":""},"_links":{"self":[{"href":"https:\/\/drevodokrbu.sk\/index.php?rest_route=\/wp\/v2\/pages\/134"}],"collection":[{"href":"https:\/\/drevodokrbu.sk\/index.php?rest_route=\/wp\/v2\/pages"}],"about":[{"href":"https:\/\/drevodokrbu.sk\/index.php?rest_route=\/wp\/v2\/types\/page"}],"author":[{"embeddable":true,"href":"https:\/\/drevodokrbu.sk\/index.php?rest_route=\/wp\/v2\/users\/1"}],"replies":[{"embeddable":true,"href":"https:\/\/drevodokrbu.sk\/index.php?rest_route=%2Fwp%2Fv2%2Fcomments&post=134"}],"version-history":[{"count":9,"href":"https:\/\/drevodokrbu.sk\/index.php?rest_route=\/wp\/v2\/pages\/134\/revisions"}],"predecessor-version":[{"id":150,"href":"https:\/\/drevodokrbu.sk\/index.php?rest_route=\/wp\/v2\/pages\/134\/revisions\/150"}],"wp:attachment":[{"href":"https:\/\/drevodokrbu.sk\/index.php?rest_route=%2Fwp%2Fv2%2Fmedia&parent=134"}],"curies":[{"name":"wp","href":"https:\/\/api.w.org\/{rel}","templated":true}]}}