{"id":5,"date":"2019-12-11T15:33:37","date_gmt":"2019-12-11T14:33:37","guid":{"rendered":"https:\/\/drevodokrbu.sk\/?page_id=5"},"modified":"2023-02-15T18:01:32","modified_gmt":"2023-02-15T17:01:32","slug":"domov","status":"publish","type":"page","link":"https:\/\/drevodokrbu.sk\/","title":{"rendered":"Domov"},"content":{"rendered":"<p>[et_pb_section fb_built=&#8220;1&#8243; disabled_on=&#8220;off|off|off&#8220; module_id=&#8220;notice-section&#8220; _builder_version=&#8220;4.16&#8243; background_color=&#8220;#b72619&#8243; use_background_color_gradient=&#8220;on&#8220; background_color_gradient_stops=&#8220;rgba(0,0,0,0) 0%|rgba(0,0,0,0) 100%&#8220; background_color_gradient_start=&#8220;rgba(0,0,0,0)&#8220; background_color_gradient_end=&#8220;rgba(0,0,0,0)&#8220; background_enable_image=&#8220;off&#8220; custom_padding=&#8220;0px||0px||false|false&#8220; global_colors_info=&#8220;{}&#8220;][et_pb_row _builder_version=&#8220;4.16&#8243; width=&#8220;100%&#8220; max_width=&#8220;100%&#8220; custom_padding=&#8220;0px||0px||false|false&#8220; global_colors_info=&#8220;{}&#8220;][et_pb_column type=&#8220;4_4&#8243; _builder_version=&#8220;4.16&#8243; global_colors_info=&#8220;{}&#8220;][et_pb_blurb use_icon=&#8220;on&#8220; font_icon=&#8220;&#x4d;||divi||400&#8243; icon_color=&#8220;#ffffff&#8220; image_icon_width=&#8220;40px&#8220; icon_alignment=&#8220;right&#8220; module_class=&#8220;close-notice&#8220; _builder_version=&#8220;4.16&#8243; positioning=&#8220;absolute&#8220; position_origin_a=&#8220;top_right&#8220; vertical_offset=&#8220;20px&#8220; horizontal_offset=&#8220;20px&#8220; width=&#8220;40px&#8220; height=&#8220;40px&#8220; icon_font_size=&#8220;40px&#8220; global_colors_info=&#8220;{}&#8220;][\/et_pb_blurb][\/et_pb_column][\/et_pb_row][et_pb_row _builder_version=&#8220;4.16&#8243; background_size=&#8220;initial&#8220; background_position=&#8220;top_left&#8220; background_repeat=&#8220;repeat&#8220; width=&#8220;100%&#8220; max_width=&#8220;1200px&#8220; global_colors_info=&#8220;{}&#8220;][et_pb_column type=&#8220;4_4&#8243; _builder_version=&#8220;4.16&#8243; global_colors_info=&#8220;{}&#8220;][et_pb_text _builder_version=&#8220;4.16&#8243; text_font=&#8220;|600|||||||&#8220; text_font_size=&#8220;19px&#8220; header_font=&#8220;|600|||||||&#8220; header_text_align=&#8220;center&#8220; header_2_font=&#8220;||||||||&#8220; header_2_font_size=&#8220;46px&#8220; header_2_line_height=&#8220;1.3em&#8220; text_orientation=&#8220;center&#8220; background_layout=&#8220;dark&#8220; header_2_font_size_tablet=&#8220;36px&#8220; header_2_font_size_phone=&#8220;26px&#8220; header_2_font_size_last_edited=&#8220;on|desktop&#8220; global_colors_info=&#8220;{}&#8220;]<\/p>\n<h3><strong>V\u00e1\u017een\u00ed z\u00e1kazn\u00edci<\/strong><\/h3>\n<p>V poslednom obdob\u00ed doch\u00e1dza k\u00a0 enormn\u00e9mu zvy\u0161ovaniu\u00a0 cien (v desiatkach %)\u00a0 v\u0161etk\u00fdch vstupn\u00fdch materi\u00e1lov pou\u017e\u00edvan\u00fdch pri v\u00fdrobe, ako je vl\u00e1knina (drevo), rezivo (na v\u00fdrobu paliet), v\u0161etk\u00fdch materi\u00e1lov z ocele (klince,\u00a0 p\u00edlov\u00e9 li\u0161ty, re\u0165aze, n\u00e1hradn\u00e9 diely&#8230;) tak isto\u00a0 plastov (sie\u0165ovina, f\u00f3lie), olejov a maz\u00edv (stratov\u00e9 mazanie p\u00edl a strojov). Na toto zdra\u017eovanie priamo nadv\u00e4zuje zv\u00fd\u0161enie cien prepravy a nedostatok niektor\u00fdch surov\u00edn (hlavne dreva). Z t\u00fdchto d\u00f4vodov\u00a0 sme don\u00faten\u00ed pre zachovanie \u010fa\u013e\u0161ieho fungovania firmy prist\u00fapi\u0165 k \u00faprave cien v\u0161etk\u00fdch produktov. Ver\u00edme, \u017ee aj napriek tomu n\u00e1m aj na\u010falej zachov\u00e1te priaze\u0148.<\/p>\n<p>t\u00edm drevodokrbu.sk<\/p>\n<p>[\/et_pb_text][\/et_pb_column][\/et_pb_row][et_pb_row _builder_version=&#8220;4.16&#8243; max_width=&#8220;300px&#8220; global_colors_info=&#8220;{}&#8220;][et_pb_column type=&#8220;4_4&#8243; _builder_version=&#8220;4.16&#8243; global_colors_info=&#8220;{}&#8220;][et_pb_button button_url=&#8220;#&#8220; button_text=&#8220;Rozumiem&#8220; button_alignment=&#8220;center&#8220; module_class=&#8220;close-notice&#8220; _builder_version=&#8220;4.16&#8243; custom_button=&#8220;on&#8220; button_text_color=&#8220;#000000&#8243; button_bg_color=&#8220;#EDF000&#8243; button_border_width=&#8220;0px&#8220; button_font=&#8220;|700|||||||&#8220; custom_css_main_element=&#8220;display: block !important;&#8220; locked=&#8220;off&#8220; global_colors_info=&#8220;{}&#8220;][\/et_pb_button][et_pb_code _builder_version=&#8220;4.16&#8243; global_colors_info=&#8220;{}&#8220;]<!-- [et_pb_line_break_holder] --><\/p>\n<style><!-- [et_pb_line_break_holder] -->  .close-notice {<!-- [et_pb_line_break_holder] -->    cursor: pointer;<!-- [et_pb_line_break_holder] -->  }<!-- [et_pb_line_break_holder] -->  #notice-section {<!-- [et_pb_line_break_holder] -->    display:none;<!-- [et_pb_line_break_holder] -->  }<!-- [et_pb_line_break_holder] -->  .et-fb-post-content #notice-section {<!-- [et_pb_line_break_holder] -->    display: block !important;<!-- [et_pb_line_break_holder] -->  }<!-- [et_pb_line_break_holder] -->  <!-- [et_pb_line_break_holder] --><\/style>\n<p><!-- [et_pb_line_break_holder] --><!-- [et_pb_line_break_holder] --><script><!-- [et_pb_line_break_holder] --><!-- [et_pb_line_break_holder] -->function storageAvailable(type) {<!-- [et_pb_line_break_holder] -->  try {<!-- [et_pb_line_break_holder] -->      var storage = window[type],<!-- [et_pb_line_break_holder] -->          x = '__storage_test__';<!-- [et_pb_line_break_holder] -->      storage.setItem(x, x);<!-- [et_pb_line_break_holder] -->      storage.removeItem(x);<!-- [et_pb_line_break_holder] -->      return true;<!-- [et_pb_line_break_holder] -->  }<!-- [et_pb_line_break_holder] -->  catch(e) {<!-- [et_pb_line_break_holder] -->      return e instanceof DOMException && (<!-- [et_pb_line_break_holder] -->          \/\/ everything except Firefox<!-- [et_pb_line_break_holder] -->          e.code === 22 ||<!-- [et_pb_line_break_holder] -->          \/\/ Firefox<!-- [et_pb_line_break_holder] -->          e.code === 1014 ||<!-- [et_pb_line_break_holder] -->          \/\/ test name field too, because code might not be present<!-- [et_pb_line_break_holder] -->          \/\/ everything except Firefox<!-- [et_pb_line_break_holder] -->          e.name === 'QuotaExceededError' ||<!-- [et_pb_line_break_holder] -->          \/\/ Firefox<!-- [et_pb_line_break_holder] -->          e.name === 'NS_ERROR_DOM_QUOTA_REACHED') &&<!-- [et_pb_line_break_holder] -->          \/\/ acknowledge QuotaExceededError only if there's something already stored<!-- [et_pb_line_break_holder] -->          storage.length !== 0;<!-- [et_pb_line_break_holder] -->  }<!-- [et_pb_line_break_holder] -->}<!-- [et_pb_line_break_holder] --><!-- [et_pb_line_break_holder] --><!-- [et_pb_line_break_holder] -->jQuery(document).ready(function($) {<!-- [et_pb_line_break_holder] -->  <!-- [et_pb_line_break_holder] -->  var storageAvailable = window.storageAvailable('sessionStorage');<!-- [et_pb_line_break_holder] -->  <!-- [et_pb_line_break_holder] -->  $(\".close-notice\").click(function() {<!-- [et_pb_line_break_holder] -->    $(\"#notice-section\").slideUp();<!-- [et_pb_line_break_holder] -->    if (storageAvailable) {<!-- [et_pb_line_break_holder] -->      sessionStorage.setItem('etNoticeState','hidden'); <!-- [et_pb_line_break_holder] -->    }    <!-- [et_pb_line_break_holder] -->  });<!-- [et_pb_line_break_holder] -->  <!-- [et_pb_line_break_holder] -->  if (storageAvailable) {<!-- [et_pb_line_break_holder] -->    if ('hidden' !== sessionStorage.getItem('etNoticeState')){<!-- [et_pb_line_break_holder] -->      $(\"#notice-section\").show();<!-- [et_pb_line_break_holder] -->    }<!-- [et_pb_line_break_holder] -->  } else {<!-- [et_pb_line_break_holder] -->    $(\"#notice-section\").show();<!-- [et_pb_line_break_holder] -->  }<!-- [et_pb_line_break_holder] -->  <!-- [et_pb_line_break_holder] -->});<!-- [et_pb_line_break_holder] --><!-- [et_pb_line_break_holder] --><\/script>[\/et_pb_code][\/et_pb_column][\/et_pb_row][\/et_pb_section][et_pb_section fb_built=&#8220;1&#8243; _builder_version=&#8220;4.16&#8243; custom_padding=&#8220;0px||0px|||&#8220; global_colors_info=&#8220;{}&#8220;][et_pb_row use_custom_gutter=&#8220;on&#8220; gutter_width=&#8220;1&#8243; _builder_version=&#8220;4.16&#8243; width=&#8220;100%&#8220; max_width=&#8220;1620px&#8220; global_colors_info=&#8220;{}&#8220;][et_pb_column type=&#8220;4_4&#8243; _builder_version=&#8220;4.16&#8243; global_colors_info=&#8220;{}&#8220;][et_pb_slider disabled_on=&#8220;off|off|off&#8220; _builder_version=&#8220;4.16&#8243; custom_padding=&#8220;0px||0px|||&#8220; global_colors_info=&#8220;{}&#8220;][et_pb_slide heading=&#8220;Energia z obnovite\u013en\u00fdch zdrojov&#8220; heading_last_edited=&#8220;off|desktop&#8220; content_last_edited=&#8220;off|desktop&#8220; _builder_version=&#8220;4.16&#8243; header_font=&#8220;Poppins|600|||||||&#8220; body_font=&#8220;||||||||&#8220; body_text_align=&#8220;center&#8220; body_font_size=&#8220;25px&#8220; body_letter_spacing=&#8220;2px&#8220; body_line_height=&#8220;1.6em&#8220; background_image=&#8220;https:\/\/drevodokrbu.sk\/wp-content\/uploads\/2019\/12\/palivov\u00e9-_drevo_1.jpg&#8220; background_enable_image=&#8220;on&#8220; custom_padding=&#8220;200px||200px||false|false&#8220; body_font_tablet=&#8220;&#8220; body_font_phone=&#8220;&#8220; body_font_last_edited=&#8220;on|phone&#8220; body_font_size_tablet=&#8220;&#8220; body_font_size_phone=&#8220;24px&#8220; body_font_size_last_edited=&#8220;on|phone&#8220; global_colors_info=&#8220;{}&#8220; sticky_transition=&#8220;on&#8220;]<\/p>\n<p style=\"text-align: center;\"><strong>www.drevodokrbu.sk<\/strong><\/p>\n<p style=\"text-align: center;\"><strong>v\u00fdroba a predaj palivov\u00e9ho dreva<\/strong><\/p>\n<p>[\/et_pb_slide][\/et_pb_slider][et_pb_button button_url=&#8220;https:\/\/drevodokrbu.sk\/?page_id=43&#8243; button_text=&#8220;Palivov\u00e9 drevo&#8220; button_alignment=&#8220;center&#8220; _builder_version=&#8220;4.16&#8243; custom_button=&#8220;on&#8220; button_text_size=&#8220;25px&#8220; button_text_color=&#8220;#62bf00&#8243; button_border_radius=&#8220;10px&#8220; button_font=&#8220;Poppins||||||||&#8220; button_icon=&#8220;&#x41;||divi||400&#8243; custom_margin=&#8220;100px||||false|false&#8220; global_colors_info=&#8220;{}&#8220;][\/et_pb_button][\/et_pb_column][\/et_pb_row][\/et_pb_section][et_pb_section fb_built=&#8220;1&#8243; _builder_version=&#8220;4.16&#8243; global_colors_info=&#8220;{}&#8220;][et_pb_row column_structure=&#8220;1_4,1_4,1_4,1_4&#8243; _builder_version=&#8220;4.16&#8243; global_colors_info=&#8220;{}&#8220;][et_pb_column type=&#8220;1_4&#8243; _builder_version=&#8220;4.16&#8243; global_colors_info=&#8220;{}&#8220;][et_pb_image src=&#8220;https:\/\/drevodokrbu.sk\/wp-content\/uploads\/2019\/12\/5.jpg&#8220; _builder_version=&#8220;4.16&#8243; global_colors_info=&#8220;{}&#8220;][\/et_pb_image][\/et_pb_column][et_pb_column type=&#8220;1_4&#8243; _builder_version=&#8220;4.16&#8243; global_colors_info=&#8220;{}&#8220;][et_pb_image src=&#8220;https:\/\/drevodokrbu.sk\/wp-content\/uploads\/2019\/12\/drevo_do_krbu_1.jpg&#8220; _builder_version=&#8220;4.16&#8243; global_colors_info=&#8220;{}&#8220;][\/et_pb_image][\/et_pb_column][et_pb_column type=&#8220;1_4&#8243; _builder_version=&#8220;4.16&#8243; global_colors_info=&#8220;{}&#8220;][et_pb_image src=&#8220;https:\/\/drevodokrbu.sk\/wp-content\/uploads\/2019\/12\/drevo_do_krbu_2.jpg&#8220; _builder_version=&#8220;4.16&#8243; global_colors_info=&#8220;{}&#8220;][\/et_pb_image][\/et_pb_column][et_pb_column type=&#8220;1_4&#8243; _builder_version=&#8220;4.16&#8243; global_colors_info=&#8220;{}&#8220;][et_pb_image src=&#8220;https:\/\/drevodokrbu.sk\/wp-content\/uploads\/2019\/12\/drevo_do_krbu_4.jpg&#8220; _builder_version=&#8220;4.16&#8243; global_colors_info=&#8220;{}&#8220;][\/et_pb_image][\/et_pb_column][\/et_pb_row][\/et_pb_section]<\/p>\n","protected":false},"excerpt":{"rendered":"<p>V\u00e1\u017een\u00ed z\u00e1kazn\u00edci V poslednom obdob\u00ed doch\u00e1dza k\u00a0 enormn\u00e9mu zvy\u0161ovaniu\u00a0 cien (v desiatkach %)\u00a0 v\u0161etk\u00fdch vstupn\u00fdch materi\u00e1lov pou\u017e\u00edvan\u00fdch pri v\u00fdrobe, ako je vl\u00e1knina (drevo), rezivo (na v\u00fdrobu paliet), v\u0161etk\u00fdch materi\u00e1lov z ocele (klince,\u00a0 p\u00edlov\u00e9 li\u0161ty, re\u0165aze, n\u00e1hradn\u00e9 diely&#8230;) tak isto\u00a0 plastov (sie\u0165ovina, f\u00f3lie), olejov a maz\u00edv (stratov\u00e9 mazanie p\u00edl a strojov). Na toto zdra\u017eovanie priamo nadv\u00e4zuje [&hellip;]<\/p>\n","protected":false},"author":1,"featured_media":0,"parent":0,"menu_order":0,"comment_status":"closed","ping_status":"closed","template":"","meta":{"_et_pb_use_builder":"on","_et_pb_old_content":"","_et_gb_content_width":""},"_links":{"self":[{"href":"https:\/\/drevodokrbu.sk\/index.php?rest_route=\/wp\/v2\/pages\/5"}],"collection":[{"href":"https:\/\/drevodokrbu.sk\/index.php?rest_route=\/wp\/v2\/pages"}],"about":[{"href":"https:\/\/drevodokrbu.sk\/index.php?rest_route=\/wp\/v2\/types\/page"}],"author":[{"embeddable":true,"href":"https:\/\/drevodokrbu.sk\/index.php?rest_route=\/wp\/v2\/users\/1"}],"replies":[{"embeddable":true,"href":"https:\/\/drevodokrbu.sk\/index.php?rest_route=%2Fwp%2Fv2%2Fcomments&post=5"}],"version-history":[{"count":25,"href":"https:\/\/drevodokrbu.sk\/index.php?rest_route=\/wp\/v2\/pages\/5\/revisions"}],"predecessor-version":[{"id":234989,"href":"https:\/\/drevodokrbu.sk\/index.php?rest_route=\/wp\/v2\/pages\/5\/revisions\/234989"}],"wp:attachment":[{"href":"https:\/\/drevodokrbu.sk\/index.php?rest_route=%2Fwp%2Fv2%2Fmedia&parent=5"}],"curies":[{"name":"wp","href":"https:\/\/api.w.org\/{rel}","templated":true}]}}